{"id":57,"date":"2024-02-06T21:30:40","date_gmt":"2024-02-06T20:30:40","guid":{"rendered":"https:\/\/dynamation.hu\/?page_id=57"},"modified":"2024-06-19T13:54:24","modified_gmt":"2024-06-19T11:54:24","slug":"impresszum","status":"publish","type":"page","link":"https:\/\/dynamation.hu\/index.php\/impresszum\/","title":{"rendered":"IMPRESSZUM"},"content":{"rendered":"\t\t<div data-elementor-type=\"wp-page\" data-elementor-id=\"57\" class=\"elementor elementor-57\" data-elementor-post-type=\"page\">\n\t\t\t\t<div class=\"elementor-element elementor-element-543ad3f e-flex e-con-boxed e-con e-parent\" data-id=\"543ad3f\" data-element_type=\"container\">\n\t\t\t\t\t<div class=\"e-con-inner\">\n\t\t\t\t\t<\/div>\n\t\t\t\t<\/div>\n\t\t<div class=\"elementor-element elementor-element-2a01fcb e-flex e-con-boxed e-con e-parent\" data-id=\"2a01fcb\" data-element_type=\"container\">\n\t\t\t\t\t<div class=\"e-con-inner\">\n\t\t\t\t<div class=\"elementor-element elementor-element-f1177f9 elementor-widget elementor-widget-text-editor\" data-id=\"f1177f9\" data-element_type=\"widget\" data-widget_type=\"text-editor.default\">\n\t\t\t\t<div class=\"elementor-widget-container\">\n\t\t\t<style>\/*! elementor - v3.21.0 - 26-05-2024 *\/\n.elementor-widget-text-editor.elementor-drop-cap-view-stacked .elementor-drop-cap{background-color:#69727d;color:#fff}.elementor-widget-text-editor.elementor-drop-cap-view-framed .elementor-drop-cap{color:#69727d;border:3px solid;background-color:transparent}.elementor-widget-text-editor:not(.elementor-drop-cap-view-default) .elementor-drop-cap{margin-top:8px}.elementor-widget-text-editor:not(.elementor-drop-cap-view-default) .elementor-drop-cap-letter{width:1em;height:1em}.elementor-widget-text-editor .elementor-drop-cap{float:left;text-align:center;line-height:1;font-size:50px}.elementor-widget-text-editor .elementor-drop-cap-letter{display:inline-block}<\/style>\t\t\t\t<p><strong>\u00dczemeltet\u0151:<\/strong> Dynamation Kft<br \/><strong>Megb\u00edzott:<\/strong> N\u00e1ray J\u00e1nos<br \/><strong>Telephely:<\/strong> 2151 F\u00f3t, J\u00f3zsef Attila utca 33\/B<br \/><strong>Sz\u00e9khely: <\/strong>2900 Kom\u00e1rom, Bajcsy-Zsilinszky u. 10.<br \/><strong>Ad\u00f3sz\u00e1m: <\/strong>27556078-2-11<br \/><strong>K\u00f6z\u00f6ss\u00e9gi ad\u00f3sz\u00e1m:<\/strong> HU27556078-2-11.<br \/><strong>C\u00e9gjegyz\u00e9ksz\u00e1m:<\/strong> 11-09-029311<br \/><strong>Statisztikai sz\u00e1mjele: <\/strong><br \/><strong>Kibocs\u00e1jt\u00f3 c\u00e9gb\u00edr\u00f3s\u00e1g:<\/strong> Tatab\u00e1nyai T\u00f6rv\u00e9nysz\u00e9k C\u00e9gb\u00edr\u00f3s\u00e1ga<br \/><strong>Banksz\u00e1mlasz\u00e1m EUR:<\/strong> <br \/><strong>Banksz\u00e1mlasz\u00e1m HUF:<\/strong> <br \/><strong>Telefon:<\/strong> +36 20 293 0532<br \/><strong>Weboldal c\u00edme:<\/strong> www.dynamation.hu<br \/><strong>Panaszkezel\u00e9s c\u00edm: <\/strong>2900 Kom\u00e1rom, Bajcsy-Zsilinszky u. 10.<br \/><strong>Panaszkezel\u00e9si telefonsz\u00e1m:<\/strong>\u00a0 +36 20 293 0532<br \/><strong>Panaszkezel\u00e9si e-mail c\u00edm:<\/strong> info@dynamation.hu<br \/><strong>E-mail c\u00edm:<\/strong> info@dynamation.hu<\/p><p><strong>Webt\u00e1rhely szolg\u00e1ltat\u00f3 adatai:<\/strong><\/p><p><strong>N\u00e9v:<\/strong> E.N.S. Informatikai \u00e9s Rendszerintegr\u00e1ci\u00f3s Zrt.<br \/><strong>C\u00edm:<\/strong> 1106 Budapest, Feh\u00e9r \u00fat 10. II. em. (White Office Irodah\u00e1z)<br \/><strong>Ad\u00f3sz\u00e1m: <\/strong>14032868-2-42<br \/><strong>Telefon:<\/strong> 06-20-000-22-11<br \/><strong>E-mail c\u00edm:<\/strong> info@mobicom.hu<\/p>\t\t\t\t\t\t<\/div>\n\t\t\t\t<\/div>\n\t\t\t\t\t<\/div>\n\t\t\t\t<\/div>\n\t\t\t\t<\/div>\n\t\t","protected":false},"excerpt":{"rendered":"<p>\u00dczemeltet\u0151: Dynamation KftMegb\u00edzott: N\u00e1ray J\u00e1nosTelephely: 2151 F\u00f3t, J\u00f3zsef Attila utca 33\/BSz\u00e9khely: 2900 Kom\u00e1rom, Bajcsy-Zsilinszky u. 10.Ad\u00f3sz\u00e1m: 27556078-2-11K\u00f6z\u00f6ss\u00e9gi ad\u00f3sz\u00e1m: HU27556078-2-11.C\u00e9gjegyz\u00e9ksz\u00e1m: 11-09-029311Statisztikai sz\u00e1mjele: Kibocs\u00e1jt\u00f3 c\u00e9gb\u00edr\u00f3s\u00e1g: Tatab\u00e1nyai T\u00f6rv\u00e9nysz\u00e9k C\u00e9gb\u00edr\u00f3s\u00e1gaBanksz\u00e1mlasz\u00e1m EUR: Banksz\u00e1mlasz\u00e1m HUF: Telefon: +36 20 293 0532Weboldal c\u00edme: www.dynamation.huPanaszkezel\u00e9s c\u00edm: 2900 Kom\u00e1rom, Bajcsy-Zsilinszky u. 10.Panaszkezel\u00e9si telefonsz\u00e1m:\u00a0 +36 20 293 0532Panaszkezel\u00e9si e-mail c\u00edm: info@dynamation.huE-mail c\u00edm: info@dynamation.hu Webt\u00e1rhely szolg\u00e1ltat\u00f3 adatai: [&hellip;]<\/p>\n","protected":false},"author":1,"featured_media":0,"parent":0,"menu_order":0,"comment_status":"closed","ping_status":"closed","template":"","meta":{"footnotes":""},"class_list":["post-57","page","type-page","status-publish","hentry"],"_links":{"self":[{"href":"https:\/\/dynamation.hu\/index.php\/wp-json\/wp\/v2\/pages\/57","targetHints":{"allow":["GET"]}}],"collection":[{"href":"https:\/\/dynamation.hu\/index.php\/wp-json\/wp\/v2\/pages"}],"about":[{"href":"https:\/\/dynamation.hu\/index.php\/wp-json\/wp\/v2\/types\/page"}],"author":[{"embeddable":true,"href":"https:\/\/dynamation.hu\/index.php\/wp-json\/wp\/v2\/users\/1"}],"replies":[{"embeddable":true,"href":"https:\/\/dynamation.hu\/index.php\/wp-json\/wp\/v2\/comments?post=57"}],"version-history":[{"count":19,"href":"https:\/\/dynamation.hu\/index.php\/wp-json\/wp\/v2\/pages\/57\/revisions"}],"predecessor-version":[{"id":1343,"href":"https:\/\/dynamation.hu\/index.php\/wp-json\/wp\/v2\/pages\/57\/revisions\/1343"}],"wp:attachment":[{"href":"https:\/\/dynamation.hu\/index.php\/wp-json\/wp\/v2\/media?parent=57"}],"curies":[{"name":"wp","href":"https:\/\/api.w.org\/{rel}","templated":true}]}}