{"id":1011,"date":"2024-03-25T15:20:56","date_gmt":"2024-03-25T14:20:56","guid":{"rendered":"https:\/\/dynamation.hu\/?page_id=1011"},"modified":"2025-01-27T13:25:01","modified_gmt":"2025-01-27T12:25:01","slug":"robotkar-egyeb-vedoruha-kivitelezese","status":"publish","type":"page","link":"https:\/\/dynamation.hu\/index.php\/robotkar-egyeb-vedoruha-kivitelezese\/","title":{"rendered":"Robotkar, egy\u00e9b v\u00e9d\u0151ruha kivitelez\u00e9se"},"content":{"rendered":"\t\t<div data-elementor-type=\"wp-page\" data-elementor-id=\"1011\" class=\"elementor elementor-1011\" data-elementor-post-type=\"page\">\n\t\t\t\t<div class=\"elementor-element elementor-element-33ef9da e-con-full e-flex e-con e-parent\" data-id=\"33ef9da\" data-element_type=\"container\" data-settings=\"{&quot;background_background&quot;:&quot;classic&quot;}\">\n\t\t<div class=\"elementor-element elementor-element-8598d84 e-con-full e-flex e-con e-child\" data-id=\"8598d84\" data-element_type=\"container\" data-settings=\"{&quot;background_background&quot;:&quot;classic&quot;}\">\n\t\t\t\t<div class=\"elementor-element elementor-element-616fcda elementor-widget elementor-widget-heading\" data-id=\"616fcda\" data-element_type=\"widget\" data-widget_type=\"heading.default\">\n\t\t\t\t<div class=\"elementor-widget-container\">\n\t\t\t<style>\/*! elementor - v3.21.0 - 26-05-2024 *\/\n.elementor-heading-title{padding:0;margin:0;line-height:1}.elementor-widget-heading .elementor-heading-title[class*=elementor-size-]>a{color:inherit;font-size:inherit;line-height:inherit}.elementor-widget-heading .elementor-heading-title.elementor-size-small{font-size:15px}.elementor-widget-heading .elementor-heading-title.elementor-size-medium{font-size:19px}.elementor-widget-heading .elementor-heading-title.elementor-size-large{font-size:29px}.elementor-widget-heading .elementor-heading-title.elementor-size-xl{font-size:39px}.elementor-widget-heading .elementor-heading-title.elementor-size-xxl{font-size:59px}<\/style><h2 class=\"elementor-heading-title elementor-size-default\">Robotkar, egy\u00e9b v\u00e9d\u0151ruha kivitelez\u00e9se<\/h2>\t\t<\/div>\n\t\t\t\t<\/div>\n\t\t\t\t<div class=\"elementor-element elementor-element-d3c8046 elementor-widget elementor-widget-image\" data-id=\"d3c8046\" data-element_type=\"widget\" data-widget_type=\"image.default\">\n\t\t\t\t<div class=\"elementor-widget-container\">\n\t\t\t<style>\/*! elementor - v3.21.0 - 26-05-2024 *\/\n.elementor-widget-image{text-align:center}.elementor-widget-image a{display:inline-block}.elementor-widget-image a img[src$=\".svg\"]{width:48px}.elementor-widget-image img{vertical-align:middle;display:inline-block}<\/style>\t\t\t\t\t\t\t\t\t\t<img fetchpriority=\"high\" decoding=\"async\" width=\"360\" height=\"360\" src=\"https:\/\/dynamation.hu\/wp-content\/uploads\/2024\/03\/alap.png\" class=\"attachment-full size-full wp-image-613\" alt=\"\" srcset=\"https:\/\/dynamation.hu\/wp-content\/uploads\/2024\/03\/alap.png 360w, https:\/\/dynamation.hu\/wp-content\/uploads\/2024\/03\/alap-300x300.png 300w, https:\/\/dynamation.hu\/wp-content\/uploads\/2024\/03\/alap-150x150.png 150w\" sizes=\"(max-width: 360px) 100vw, 360px\" \/>\t\t\t\t\t\t\t\t\t\t\t\t\t<\/div>\n\t\t\t\t<\/div>\n\t\t\t\t<\/div>\n\t\t\t\t<\/div>\n\t\t<div class=\"elementor-element elementor-element-48eeed0 e-flex e-con-boxed e-con e-parent\" data-id=\"48eeed0\" data-element_type=\"container\" data-settings=\"{&quot;background_background&quot;:&quot;classic&quot;}\">\n\t\t\t\t\t<div class=\"e-con-inner\">\n\t\t\t\t\t<\/div>\n\t\t\t\t<\/div>\n\t\t<div class=\"elementor-element elementor-element-4130048 e-flex e-con-boxed e-con e-parent\" data-id=\"4130048\" data-element_type=\"container\">\n\t\t\t\t\t<div class=\"e-con-inner\">\n\t\t\t\t<div class=\"elementor-element elementor-element-cbd4798 elementor-widget elementor-widget-text-editor\" data-id=\"cbd4798\" data-element_type=\"widget\" data-widget_type=\"text-editor.default\">\n\t\t\t\t<div class=\"elementor-widget-container\">\n\t\t\t<style>\/*! elementor - v3.21.0 - 26-05-2024 *\/\n.elementor-widget-text-editor.elementor-drop-cap-view-stacked .elementor-drop-cap{background-color:#69727d;color:#fff}.elementor-widget-text-editor.elementor-drop-cap-view-framed .elementor-drop-cap{color:#69727d;border:3px solid;background-color:transparent}.elementor-widget-text-editor:not(.elementor-drop-cap-view-default) .elementor-drop-cap{margin-top:8px}.elementor-widget-text-editor:not(.elementor-drop-cap-view-default) .elementor-drop-cap-letter{width:1em;height:1em}.elementor-widget-text-editor .elementor-drop-cap{float:left;text-align:center;line-height:1;font-size:50px}.elementor-widget-text-editor .elementor-drop-cap-letter{display:inline-block}<\/style>\t\t\t\t<p>A\u00a0<strong>robotkar v\u00e9d\u0151ruh\u00e1zat<\/strong>\u00a0\u00e9s az\u00a0<strong>egy\u00e9b v\u00e9d\u0151ruh\u00e1zat<\/strong>\u00a0kivitelez\u00e9se kulcsfontoss\u00e1g\u00fa az ipari biztons\u00e1g \u00e9s hat\u00e9konys\u00e1g szempontj\u00e1b\u00f3l. Egyedi tervez\u00e9s ut\u00e1n b\u00e1rmilyen robotkarra \u00e9s b\u00e1rmilyen ipari k\u00f6rnyezetben haszn\u00e1lhat\u00f3 robotruh\u00e1t el tudunk k\u00e9sz\u00edteni. A min\u0151s\u00e9gre a t\u00f6bb \u00e9ves tapasztalat a garancia.<\/p><ol><li><strong>Robotkar v\u00e9d\u0151ruh\u00e1zat<\/strong>: A robotkarokat gyakran haszn\u00e1lj\u00e1k vesz\u00e9lyes k\u00f6rnyezetben, ahol fontos a kar v\u00e9delme a por, folyad\u00e9k \u00e9s h\u0151 ellen. A robotkar v\u00e9d\u0151ruh\u00e1zat kivitelez\u00e9se mag\u00e1ban foglalja a v\u00e9d\u0151burkolat tervez\u00e9s\u00e9t \u00e9s gy\u00e1rt\u00e1s\u00e1t, amely megfelel a robotkar specifikus m\u00e9reteinek \u00e9s mozg\u00e1s\u00e1nak. Ez a burkolat \u00e1ltal\u00e1ban tart\u00f3s, h\u0151\u00e1ll\u00f3 \u00e9s v\u00edz\u00e1ll\u00f3 anyagb\u00f3l k\u00e9sz\u00fcl, hogy megv\u00e9dje a robotkart a k\u00e1ros k\u00f6rnyezeti hat\u00e1sokt\u00f3l.<\/li><li><strong>Egy\u00e9b v\u00e9d\u0151ruh\u00e1zat<\/strong>: V\u00e9d\u0151ruh\u00e1zatot haszn\u00e1lnak a vesz\u00e9lyes anyagokkal vagy k\u00f6rnyezeti felt\u00e9telekkel szemben. A v\u00e9d\u0151ruh\u00e1zat kivitelez\u00e9se mag\u00e1ban foglalja a ruh\u00e1zat tervez\u00e9s\u00e9t \u00e9s gy\u00e1rt\u00e1s\u00e1t, amely megfelel az egyedi ig\u00e9nyeknek \u00e9s k\u00f6vetelm\u00e9nyeknek. Ez mag\u00e1ban foglalhatja a por\u00e1ll\u00f3, folyad\u00e9k\u00e1ll\u00f3 \u00e9s h\u0151\u00e1ll\u00f3 ruh\u00e1zatot, amelyeket k\u00fcl\u00f6nb\u00f6z\u0151 ipari alkalmaz\u00e1sokban haszn\u00e1lnak.<\/li><\/ol>\t\t\t\t\t\t<\/div>\n\t\t\t\t<\/div>\n\t\t\t\t\t<\/div>\n\t\t\t\t<\/div>\n\t\t\t\t<\/div>\n\t\t","protected":false},"excerpt":{"rendered":"<p>Robotkar, egy\u00e9b v\u00e9d\u0151ruha kivitelez\u00e9se A\u00a0robotkar v\u00e9d\u0151ruh\u00e1zat\u00a0\u00e9s az\u00a0egy\u00e9b v\u00e9d\u0151ruh\u00e1zat\u00a0kivitelez\u00e9se kulcsfontoss\u00e1g\u00fa az ipari biztons\u00e1g \u00e9s hat\u00e9konys\u00e1g szempontj\u00e1b\u00f3l. Egyedi tervez\u00e9s ut\u00e1n b\u00e1rmilyen robotkarra \u00e9s b\u00e1rmilyen ipari k\u00f6rnyezetben haszn\u00e1lhat\u00f3 robotruh\u00e1t el tudunk k\u00e9sz\u00edteni. A min\u0151s\u00e9gre a t\u00f6bb \u00e9ves tapasztalat a garancia. Robotkar v\u00e9d\u0151ruh\u00e1zat: A robotkarokat gyakran haszn\u00e1lj\u00e1k vesz\u00e9lyes k\u00f6rnyezetben, ahol fontos a kar v\u00e9delme a por, folyad\u00e9k \u00e9s h\u0151 [&hellip;]<\/p>\n","protected":false},"author":1,"featured_media":0,"parent":0,"menu_order":0,"comment_status":"closed","ping_status":"closed","template":"","meta":{"footnotes":""},"class_list":["post-1011","page","type-page","status-publish","hentry"],"_links":{"self":[{"href":"https:\/\/dynamation.hu\/index.php\/wp-json\/wp\/v2\/pages\/1011","targetHints":{"allow":["GET"]}}],"collection":[{"href":"https:\/\/dynamation.hu\/index.php\/wp-json\/wp\/v2\/pages"}],"about":[{"href":"https:\/\/dynamation.hu\/index.php\/wp-json\/wp\/v2\/types\/page"}],"author":[{"embeddable":true,"href":"https:\/\/dynamation.hu\/index.php\/wp-json\/wp\/v2\/users\/1"}],"replies":[{"embeddable":true,"href":"https:\/\/dynamation.hu\/index.php\/wp-json\/wp\/v2\/comments?post=1011"}],"version-history":[{"count":19,"href":"https:\/\/dynamation.hu\/index.php\/wp-json\/wp\/v2\/pages\/1011\/revisions"}],"predecessor-version":[{"id":1625,"href":"https:\/\/dynamation.hu\/index.php\/wp-json\/wp\/v2\/pages\/1011\/revisions\/1625"}],"wp:attachment":[{"href":"https:\/\/dynamation.hu\/index.php\/wp-json\/wp\/v2\/media?parent=1011"}],"curies":[{"name":"wp","href":"https:\/\/api.w.org\/{rel}","templated":true}]}}