{"id":1007,"date":"2024-03-25T15:19:37","date_gmt":"2024-03-25T14:19:37","guid":{"rendered":"https:\/\/dynamation.hu\/?page_id=1007"},"modified":"2025-01-27T13:25:14","modified_gmt":"2025-01-27T12:25:14","slug":"automatizalt-berendezesek-koltoztetese","status":"publish","type":"page","link":"https:\/\/dynamation.hu\/index.php\/automatizalt-berendezesek-koltoztetese\/","title":{"rendered":"Automatiz\u00e1lt berendez\u00e9sek k\u00f6lt\u00f6ztet\u00e9se"},"content":{"rendered":"\t\t<div data-elementor-type=\"wp-page\" data-elementor-id=\"1007\" class=\"elementor elementor-1007\" data-elementor-post-type=\"page\">\n\t\t\t\t<div class=\"elementor-element elementor-element-41524fef e-con-full e-flex e-con e-parent\" data-id=\"41524fef\" data-element_type=\"container\" data-settings=\"{&quot;background_background&quot;:&quot;classic&quot;}\">\n\t\t<div class=\"elementor-element elementor-element-7b511bea e-con-full e-flex e-con e-child\" data-id=\"7b511bea\" data-element_type=\"container\" data-settings=\"{&quot;background_background&quot;:&quot;classic&quot;}\">\n\t\t\t\t<div class=\"elementor-element elementor-element-1b29cd0f elementor-widget elementor-widget-heading\" data-id=\"1b29cd0f\" data-element_type=\"widget\" data-widget_type=\"heading.default\">\n\t\t\t\t<div class=\"elementor-widget-container\">\n\t\t\t<style>\/*! elementor - v3.21.0 - 26-05-2024 *\/\n.elementor-heading-title{padding:0;margin:0;line-height:1}.elementor-widget-heading .elementor-heading-title[class*=elementor-size-]>a{color:inherit;font-size:inherit;line-height:inherit}.elementor-widget-heading .elementor-heading-title.elementor-size-small{font-size:15px}.elementor-widget-heading .elementor-heading-title.elementor-size-medium{font-size:19px}.elementor-widget-heading .elementor-heading-title.elementor-size-large{font-size:29px}.elementor-widget-heading .elementor-heading-title.elementor-size-xl{font-size:39px}.elementor-widget-heading .elementor-heading-title.elementor-size-xxl{font-size:59px}<\/style><h2 class=\"elementor-heading-title elementor-size-default\">Automatiz\u00e1lt berendez\u00e9sek k\u00f6lt\u00f6ztet\u00e9se. <\/h2>\t\t<\/div>\n\t\t\t\t<\/div>\n\t\t\t\t<div class=\"elementor-element elementor-element-7a79734 elementor-widget elementor-widget-image\" data-id=\"7a79734\" data-element_type=\"widget\" data-widget_type=\"image.default\">\n\t\t\t\t<div class=\"elementor-widget-container\">\n\t\t\t<style>\/*! elementor - v3.21.0 - 26-05-2024 *\/\n.elementor-widget-image{text-align:center}.elementor-widget-image a{display:inline-block}.elementor-widget-image a img[src$=\".svg\"]{width:48px}.elementor-widget-image img{vertical-align:middle;display:inline-block}<\/style>\t\t\t\t\t\t\t\t\t\t<img fetchpriority=\"high\" decoding=\"async\" width=\"360\" height=\"360\" src=\"https:\/\/dynamation.hu\/wp-content\/uploads\/2024\/03\/alap.png\" class=\"attachment-full size-full wp-image-613\" alt=\"\" srcset=\"https:\/\/dynamation.hu\/wp-content\/uploads\/2024\/03\/alap.png 360w, https:\/\/dynamation.hu\/wp-content\/uploads\/2024\/03\/alap-300x300.png 300w, https:\/\/dynamation.hu\/wp-content\/uploads\/2024\/03\/alap-150x150.png 150w\" sizes=\"(max-width: 360px) 100vw, 360px\" \/>\t\t\t\t\t\t\t\t\t\t\t\t\t<\/div>\n\t\t\t\t<\/div>\n\t\t\t\t<\/div>\n\t\t\t\t<\/div>\n\t\t<div class=\"elementor-element elementor-element-a4407ad e-flex e-con-boxed e-con e-parent\" data-id=\"a4407ad\" data-element_type=\"container\" data-settings=\"{&quot;background_background&quot;:&quot;classic&quot;}\">\n\t\t\t\t\t<div class=\"e-con-inner\">\n\t\t\t\t\t<\/div>\n\t\t\t\t<\/div>\n\t\t<div class=\"elementor-element elementor-element-2e2f0bd e-flex e-con-boxed e-con e-parent\" data-id=\"2e2f0bd\" data-element_type=\"container\">\n\t\t\t\t\t<div class=\"e-con-inner\">\n\t\t\t\t<div class=\"elementor-element elementor-element-b147c1f elementor-widget elementor-widget-text-editor\" data-id=\"b147c1f\" data-element_type=\"widget\" data-widget_type=\"text-editor.default\">\n\t\t\t\t<div class=\"elementor-widget-container\">\n\t\t\t<style>\/*! elementor - v3.21.0 - 26-05-2024 *\/\n.elementor-widget-text-editor.elementor-drop-cap-view-stacked .elementor-drop-cap{background-color:#69727d;color:#fff}.elementor-widget-text-editor.elementor-drop-cap-view-framed .elementor-drop-cap{color:#69727d;border:3px solid;background-color:transparent}.elementor-widget-text-editor:not(.elementor-drop-cap-view-default) .elementor-drop-cap{margin-top:8px}.elementor-widget-text-editor:not(.elementor-drop-cap-view-default) .elementor-drop-cap-letter{width:1em;height:1em}.elementor-widget-text-editor .elementor-drop-cap{float:left;text-align:center;line-height:1;font-size:50px}.elementor-widget-text-editor .elementor-drop-cap-letter{display:inline-block}<\/style>\t\t\t\t<p>Automatiz\u00e1lt berendez\u00e9sek teljesk\u00f6r\u0171 k\u00f6lt\u00f6ztet\u00e9s\u00e9t \u00e9s telep\u00edt\u00e9s\u00e9t v\u00e1llaljuk, amely a k\u00f6vetkez\u0151 l\u00e9p\u00e9seket tartalmazza:<\/p><ol><li><strong>Sz\u00e9tszerel\u00e9s<\/strong>: Az els\u0151 l\u00e9p\u00e9s az automatiz\u00e1lt berendez\u00e9s sz\u00e9tszerel\u00e9se. Ez mag\u00e1ban foglalja az \u00f6sszes alkatr\u00e9sz, modul \u00e9s rendszer gondos elt\u00e1vol\u00edt\u00e1s\u00e1t, hogy minimaliz\u00e1lj\u00e1k a sz\u00e1ll\u00edt\u00e1s sor\u00e1n bek\u00f6vetkez\u0151 k\u00e1rokat. A sz\u00e9tszerel\u00e9s sor\u00e1n fontos, hogy dokument\u00e1lj\u00e1k az \u00f6sszes l\u00e9p\u00e9st, hogy a berendez\u00e9st a telep\u00edt\u00e9s hely\u00e9n \u00fajra \u00f6ssze lehessen szerelni.<\/li><li><strong>Sz\u00e1ll\u00edt\u00e1s<\/strong>: A sz\u00e9tszerelt berendez\u00e9st biztons\u00e1gosan csomagolj\u00e1k \u00e9s sz\u00e1ll\u00edtj\u00e1k a \u00faj helysz\u00ednre. A sz\u00e1ll\u00edt\u00e1s sor\u00e1n fontos, hogy megfelel\u0151en r\u00f6gz\u00edts\u00e9k \u00e9s v\u00e9dj\u00e9k az alkatr\u00e9szeket, hogy elker\u00fclj\u00e9k a s\u00e9r\u00fcl\u00e9seket.<\/li><li><strong>Telep\u00edt\u00e9s<\/strong>: Amint a berendez\u00e9s meg\u00e9rkezik az \u00faj helysz\u00ednre, a k\u00f6vetkez\u0151 l\u00e9p\u00e9s a telep\u00edt\u00e9s. Ez mag\u00e1ban foglalja az alkatr\u00e9szek \u00fajra \u00f6sszeszerel\u00e9s\u00e9t a sz\u00e9tszerel\u00e9s sor\u00e1n dokument\u00e1lt utas\u00edt\u00e1sok alapj\u00e1n, valamint a berendez\u00e9s be\u00e1ll\u00edt\u00e1s\u00e1t \u00e9s r\u00f6gz\u00edt\u00e9s\u00e9t az \u00faj helysz\u00edn\u00e9n.<\/li><\/ol>\t\t\t\t\t\t<\/div>\n\t\t\t\t<\/div>\n\t\t\t\t\t<\/div>\n\t\t\t\t<\/div>\n\t\t\t\t<\/div>\n\t\t","protected":false},"excerpt":{"rendered":"<p>Automatiz\u00e1lt berendez\u00e9sek k\u00f6lt\u00f6ztet\u00e9se. Automatiz\u00e1lt berendez\u00e9sek teljesk\u00f6r\u0171 k\u00f6lt\u00f6ztet\u00e9s\u00e9t \u00e9s telep\u00edt\u00e9s\u00e9t v\u00e1llaljuk, amely a k\u00f6vetkez\u0151 l\u00e9p\u00e9seket tartalmazza: Sz\u00e9tszerel\u00e9s: Az els\u0151 l\u00e9p\u00e9s az automatiz\u00e1lt berendez\u00e9s sz\u00e9tszerel\u00e9se. Ez mag\u00e1ban foglalja az \u00f6sszes alkatr\u00e9sz, modul \u00e9s rendszer gondos elt\u00e1vol\u00edt\u00e1s\u00e1t, hogy minimaliz\u00e1lj\u00e1k a sz\u00e1ll\u00edt\u00e1s sor\u00e1n bek\u00f6vetkez\u0151 k\u00e1rokat. A sz\u00e9tszerel\u00e9s sor\u00e1n fontos, hogy dokument\u00e1lj\u00e1k az \u00f6sszes l\u00e9p\u00e9st, hogy a berendez\u00e9st a telep\u00edt\u00e9s [&hellip;]<\/p>\n","protected":false},"author":1,"featured_media":0,"parent":0,"menu_order":0,"comment_status":"closed","ping_status":"closed","template":"","meta":{"footnotes":""},"class_list":["post-1007","page","type-page","status-publish","hentry"],"_links":{"self":[{"href":"https:\/\/dynamation.hu\/index.php\/wp-json\/wp\/v2\/pages\/1007","targetHints":{"allow":["GET"]}}],"collection":[{"href":"https:\/\/dynamation.hu\/index.php\/wp-json\/wp\/v2\/pages"}],"about":[{"href":"https:\/\/dynamation.hu\/index.php\/wp-json\/wp\/v2\/types\/page"}],"author":[{"embeddable":true,"href":"https:\/\/dynamation.hu\/index.php\/wp-json\/wp\/v2\/users\/1"}],"replies":[{"embeddable":true,"href":"https:\/\/dynamation.hu\/index.php\/wp-json\/wp\/v2\/comments?post=1007"}],"version-history":[{"count":43,"href":"https:\/\/dynamation.hu\/index.php\/wp-json\/wp\/v2\/pages\/1007\/revisions"}],"predecessor-version":[{"id":1628,"href":"https:\/\/dynamation.hu\/index.php\/wp-json\/wp\/v2\/pages\/1007\/revisions\/1628"}],"wp:attachment":[{"href":"https:\/\/dynamation.hu\/index.php\/wp-json\/wp\/v2\/media?parent=1007"}],"curies":[{"name":"wp","href":"https:\/\/api.w.org\/{rel}","templated":true}]}}