{"id":1005,"date":"2024-03-25T15:19:06","date_gmt":"2024-03-25T14:19:06","guid":{"rendered":"https:\/\/dynamation.hu\/?page_id=1005"},"modified":"2025-01-27T13:25:44","modified_gmt":"2025-01-27T12:25:44","slug":"gyartas-2","status":"publish","type":"page","link":"https:\/\/dynamation.hu\/index.php\/gyartas-2\/","title":{"rendered":"Gy\u00e1rt\u00e1s"},"content":{"rendered":"\t\t<div data-elementor-type=\"wp-page\" data-elementor-id=\"1005\" class=\"elementor elementor-1005\" data-elementor-post-type=\"page\">\n\t\t\t\t<div class=\"elementor-element elementor-element-6c45f9e e-con-full e-flex e-con e-parent\" data-id=\"6c45f9e\" data-element_type=\"container\" data-settings=\"{&quot;background_background&quot;:&quot;classic&quot;}\">\n\t\t<div class=\"elementor-element elementor-element-287e78b e-con-full e-flex e-con e-child\" data-id=\"287e78b\" data-element_type=\"container\" data-settings=\"{&quot;background_background&quot;:&quot;classic&quot;}\">\n\t\t\t\t<div class=\"elementor-element elementor-element-784b987 elementor-widget elementor-widget-heading\" data-id=\"784b987\" data-element_type=\"widget\" data-widget_type=\"heading.default\">\n\t\t\t\t<div class=\"elementor-widget-container\">\n\t\t\t<style>\/*! elementor - v3.21.0 - 26-05-2024 *\/\n.elementor-heading-title{padding:0;margin:0;line-height:1}.elementor-widget-heading .elementor-heading-title[class*=elementor-size-]>a{color:inherit;font-size:inherit;line-height:inherit}.elementor-widget-heading .elementor-heading-title.elementor-size-small{font-size:15px}.elementor-widget-heading .elementor-heading-title.elementor-size-medium{font-size:19px}.elementor-widget-heading .elementor-heading-title.elementor-size-large{font-size:29px}.elementor-widget-heading .elementor-heading-title.elementor-size-xl{font-size:39px}.elementor-widget-heading .elementor-heading-title.elementor-size-xxl{font-size:59px}<\/style><h2 class=\"elementor-heading-title elementor-size-default\">Gy\u00e1rt\u00e1s<\/h2>\t\t<\/div>\n\t\t\t\t<\/div>\n\t\t\t\t<div class=\"elementor-element elementor-element-17bede8 elementor-widget elementor-widget-image\" data-id=\"17bede8\" data-element_type=\"widget\" data-widget_type=\"image.default\">\n\t\t\t\t<div class=\"elementor-widget-container\">\n\t\t\t<style>\/*! elementor - v3.21.0 - 26-05-2024 *\/\n.elementor-widget-image{text-align:center}.elementor-widget-image a{display:inline-block}.elementor-widget-image a img[src$=\".svg\"]{width:48px}.elementor-widget-image img{vertical-align:middle;display:inline-block}<\/style>\t\t\t\t\t\t\t\t\t\t<img fetchpriority=\"high\" decoding=\"async\" width=\"360\" height=\"360\" src=\"https:\/\/dynamation.hu\/wp-content\/uploads\/2024\/03\/alap.png\" class=\"attachment-full size-full wp-image-613\" alt=\"\" srcset=\"https:\/\/dynamation.hu\/wp-content\/uploads\/2024\/03\/alap.png 360w, https:\/\/dynamation.hu\/wp-content\/uploads\/2024\/03\/alap-300x300.png 300w, https:\/\/dynamation.hu\/wp-content\/uploads\/2024\/03\/alap-150x150.png 150w\" sizes=\"(max-width: 360px) 100vw, 360px\" \/>\t\t\t\t\t\t\t\t\t\t\t\t\t<\/div>\n\t\t\t\t<\/div>\n\t\t\t\t<\/div>\n\t\t\t\t<\/div>\n\t\t<div class=\"elementor-element elementor-element-8393b10 e-flex e-con-boxed e-con e-parent\" data-id=\"8393b10\" data-element_type=\"container\" data-settings=\"{&quot;background_background&quot;:&quot;classic&quot;}\">\n\t\t\t\t\t<div class=\"e-con-inner\">\n\t\t\t\t\t<\/div>\n\t\t\t\t<\/div>\n\t\t<div class=\"elementor-element elementor-element-465e2c6 e-flex e-con-boxed e-con e-parent\" data-id=\"465e2c6\" data-element_type=\"container\">\n\t\t\t\t\t<div class=\"e-con-inner\">\n\t\t\t\t<div class=\"elementor-element elementor-element-2e9a4d3 elementor-widget elementor-widget-text-editor\" data-id=\"2e9a4d3\" data-element_type=\"widget\" data-widget_type=\"text-editor.default\">\n\t\t\t\t<div class=\"elementor-widget-container\">\n\t\t\t<style>\/*! elementor - v3.21.0 - 26-05-2024 *\/\n.elementor-widget-text-editor.elementor-drop-cap-view-stacked .elementor-drop-cap{background-color:#69727d;color:#fff}.elementor-widget-text-editor.elementor-drop-cap-view-framed .elementor-drop-cap{color:#69727d;border:3px solid;background-color:transparent}.elementor-widget-text-editor:not(.elementor-drop-cap-view-default) .elementor-drop-cap{margin-top:8px}.elementor-widget-text-editor:not(.elementor-drop-cap-view-default) .elementor-drop-cap-letter{width:1em;height:1em}.elementor-widget-text-editor .elementor-drop-cap{float:left;text-align:center;line-height:1;font-size:50px}.elementor-widget-text-editor .elementor-drop-cap-letter{display:inline-block}<\/style>\t\t\t\t<p>C\u00e9lg\u00e9pek \u00e9s robotcell\u00e1k alkatr\u00e9szeinek teljesk\u00f6r\u0171 gy\u00e1rt\u00e1sa is portf\u00f3li\u00f3nk r\u00e9sze.<\/p><p>A\u00a0<strong>gy\u00e1rt\u00e1s<\/strong>\u00a0egy \u00f6sszetett folyamat, amely sz\u00e1mos l\u00e9p\u00e9st tartalmaz a nyersanyagokb\u00f3l k\u00e9sz term\u00e9kek el\u0151\u00e1ll\u00edt\u00e1s\u00e1hoz. \u00cdme n\u00e9h\u00e1ny kulcsfontoss\u00e1g\u00fa l\u00e9p\u00e9s \u00e9s technika:<\/p><ol><li><strong>Forg\u00e1csol\u00e1s<\/strong>: A forg\u00e1csol\u00e1s egy mechanikai megmunk\u00e1l\u00e1si folyamat, amelyben a felesleges anyagot elt\u00e1vol\u00edtj\u00e1k egy darabb\u00f3l, hogy a k\u00edv\u00e1nt alakot \u00e9s m\u00e9retet el\u00e9rj\u00e9k. Ez mag\u00e1ban foglalja az eszterg\u00e1l\u00e1st, mar\u00e1st, f\u00far\u00e1st \u00e9s csiszol\u00e1st.<\/li><li><strong>V\u00e1g\u00e1s<\/strong>: A v\u00e1g\u00e1s a gy\u00e1rt\u00e1s egy m\u00e1sik alapvet\u0151 l\u00e9p\u00e9se, amelyben a nyersanyagot a k\u00edv\u00e1nt m\u00e9retre \u00e9s alakra v\u00e1gj\u00e1k. Ez mag\u00e1ban foglalhatja a l\u00e1ngv\u00e1g\u00e1st, l\u00e9zerv\u00e1g\u00e1st, v\u00edzsugaras v\u00e1g\u00e1st \u00e9s m\u00e1s technik\u00e1kat.<\/li><li><strong>Megmunk\u00e1l\u00e1s<\/strong>: A megmunk\u00e1l\u00e1s mag\u00e1ban foglalja a forg\u00e1csol\u00e1st, v\u00e1g\u00e1st \u00e9s m\u00e1s technik\u00e1kat a k\u00edv\u00e1nt alak \u00e9s m\u00e9ret el\u00e9r\u00e9s\u00e9hez. Ez mag\u00e1ban foglalhatja a CNC (Computer Numerical Control) g\u00e9pek haszn\u00e1lat\u00e1t a nagy pontoss\u00e1g\u00fa \u00e9s ism\u00e9telhet\u0151s\u00e9g \u00e9rdek\u00e9ben.<\/li><li><strong>Hegeszt\u00e9s<\/strong>: A hegeszt\u00e9s a gy\u00e1rt\u00e1s egyik kulcsfontoss\u00e1g\u00fa l\u00e9p\u00e9se, amelyben k\u00e9t vagy t\u00f6bb darabot \u00f6sszeillesztenek h\u0151 vagy nyom\u00e1s alkalmaz\u00e1s\u00e1val. Ez mag\u00e1ban foglalhatja az \u00edvhegeszt\u00e9st, g\u00e1zhegeszt\u00e9st, l\u00e9zerhegeszt\u00e9st \u00e9s m\u00e1s technik\u00e1kat.<\/li><li><strong>Fel\u00fcletkezel\u00e9s<\/strong>: A fel\u00fcletkezel\u00e9s a gy\u00e1rt\u00e1si folyamat utols\u00f3 l\u00e9p\u00e9se, amelyben a term\u00e9k fel\u00fclet\u00e9t kezelik a korr\u00f3zi\u00f3, kop\u00e1s, rozsda \u00e9s m\u00e1s k\u00e1ros hat\u00e1sok ellen. Ez mag\u00e1ban foglalhatja a fest\u00e9st, bevonatot, galvaniz\u00e1l\u00e1st \u00e9s m\u00e1s technik\u00e1kat.<\/li><\/ol>\t\t\t\t\t\t<\/div>\n\t\t\t\t<\/div>\n\t\t\t\t\t<\/div>\n\t\t\t\t<\/div>\n\t\t\t\t<\/div>\n\t\t","protected":false},"excerpt":{"rendered":"<p>Gy\u00e1rt\u00e1s C\u00e9lg\u00e9pek \u00e9s robotcell\u00e1k alkatr\u00e9szeinek teljesk\u00f6r\u0171 gy\u00e1rt\u00e1sa is portf\u00f3li\u00f3nk r\u00e9sze. A\u00a0gy\u00e1rt\u00e1s\u00a0egy \u00f6sszetett folyamat, amely sz\u00e1mos l\u00e9p\u00e9st tartalmaz a nyersanyagokb\u00f3l k\u00e9sz term\u00e9kek el\u0151\u00e1ll\u00edt\u00e1s\u00e1hoz. \u00cdme n\u00e9h\u00e1ny kulcsfontoss\u00e1g\u00fa l\u00e9p\u00e9s \u00e9s technika: Forg\u00e1csol\u00e1s: A forg\u00e1csol\u00e1s egy mechanikai megmunk\u00e1l\u00e1si folyamat, amelyben a felesleges anyagot elt\u00e1vol\u00edtj\u00e1k egy darabb\u00f3l, hogy a k\u00edv\u00e1nt alakot \u00e9s m\u00e9retet el\u00e9rj\u00e9k. Ez mag\u00e1ban foglalja az eszterg\u00e1l\u00e1st, mar\u00e1st, [&hellip;]<\/p>\n","protected":false},"author":1,"featured_media":0,"parent":0,"menu_order":0,"comment_status":"closed","ping_status":"closed","template":"","meta":{"footnotes":""},"class_list":["post-1005","page","type-page","status-publish","hentry"],"_links":{"self":[{"href":"https:\/\/dynamation.hu\/index.php\/wp-json\/wp\/v2\/pages\/1005","targetHints":{"allow":["GET"]}}],"collection":[{"href":"https:\/\/dynamation.hu\/index.php\/wp-json\/wp\/v2\/pages"}],"about":[{"href":"https:\/\/dynamation.hu\/index.php\/wp-json\/wp\/v2\/types\/page"}],"author":[{"embeddable":true,"href":"https:\/\/dynamation.hu\/index.php\/wp-json\/wp\/v2\/users\/1"}],"replies":[{"embeddable":true,"href":"https:\/\/dynamation.hu\/index.php\/wp-json\/wp\/v2\/comments?post=1005"}],"version-history":[{"count":25,"href":"https:\/\/dynamation.hu\/index.php\/wp-json\/wp\/v2\/pages\/1005\/revisions"}],"predecessor-version":[{"id":1637,"href":"https:\/\/dynamation.hu\/index.php\/wp-json\/wp\/v2\/pages\/1005\/revisions\/1637"}],"wp:attachment":[{"href":"https:\/\/dynamation.hu\/index.php\/wp-json\/wp\/v2\/media?parent=1005"}],"curies":[{"name":"wp","href":"https:\/\/api.w.org\/{rel}","templated":true}]}}