{"id":1001,"date":"2024-03-25T15:18:12","date_gmt":"2024-03-25T14:18:12","guid":{"rendered":"https:\/\/dynamation.hu\/?page_id=1001"},"modified":"2025-01-27T13:27:52","modified_gmt":"2025-01-27T12:27:52","slug":"gepeszeti-es-elektromos-tervezes","status":"publish","type":"page","link":"https:\/\/dynamation.hu\/index.php\/gepeszeti-es-elektromos-tervezes\/","title":{"rendered":"G\u00e9p\u00e9szeti \u00e9s elektromos tervez\u00e9s"},"content":{"rendered":"\t\t<div data-elementor-type=\"wp-page\" data-elementor-id=\"1001\" class=\"elementor elementor-1001\" data-elementor-post-type=\"page\">\n\t\t\t\t<div class=\"elementor-element elementor-element-ae760c3 e-con-full e-flex e-con e-parent\" data-id=\"ae760c3\" data-element_type=\"container\" data-settings=\"{&quot;background_background&quot;:&quot;classic&quot;}\">\n\t\t<div class=\"elementor-element elementor-element-3be300d e-con-full e-flex e-con e-child\" data-id=\"3be300d\" data-element_type=\"container\" data-settings=\"{&quot;background_background&quot;:&quot;classic&quot;}\">\n\t\t\t\t<div class=\"elementor-element elementor-element-12654f0 elementor-widget elementor-widget-heading\" data-id=\"12654f0\" data-element_type=\"widget\" data-widget_type=\"heading.default\">\n\t\t\t\t<div class=\"elementor-widget-container\">\n\t\t\t<style>\/*! elementor - v3.21.0 - 26-05-2024 *\/\n.elementor-heading-title{padding:0;margin:0;line-height:1}.elementor-widget-heading .elementor-heading-title[class*=elementor-size-]>a{color:inherit;font-size:inherit;line-height:inherit}.elementor-widget-heading .elementor-heading-title.elementor-size-small{font-size:15px}.elementor-widget-heading .elementor-heading-title.elementor-size-medium{font-size:19px}.elementor-widget-heading .elementor-heading-title.elementor-size-large{font-size:29px}.elementor-widget-heading .elementor-heading-title.elementor-size-xl{font-size:39px}.elementor-widget-heading .elementor-heading-title.elementor-size-xxl{font-size:59px}<\/style><h2 class=\"elementor-heading-title elementor-size-default\">G\u00e9p\u00e9szeti \u00e9s elektromos tervez\u00e9s<\/h2>\t\t<\/div>\n\t\t\t\t<\/div>\n\t\t\t\t<div class=\"elementor-element elementor-element-befe012 elementor-widget elementor-widget-image\" data-id=\"befe012\" data-element_type=\"widget\" data-widget_type=\"image.default\">\n\t\t\t\t<div class=\"elementor-widget-container\">\n\t\t\t<style>\/*! elementor - v3.21.0 - 26-05-2024 *\/\n.elementor-widget-image{text-align:center}.elementor-widget-image a{display:inline-block}.elementor-widget-image a img[src$=\".svg\"]{width:48px}.elementor-widget-image img{vertical-align:middle;display:inline-block}<\/style>\t\t\t\t\t\t\t\t\t\t<img fetchpriority=\"high\" decoding=\"async\" width=\"360\" height=\"360\" src=\"https:\/\/dynamation.hu\/wp-content\/uploads\/2024\/03\/alap.png\" class=\"attachment-full size-full wp-image-613\" alt=\"\" srcset=\"https:\/\/dynamation.hu\/wp-content\/uploads\/2024\/03\/alap.png 360w, https:\/\/dynamation.hu\/wp-content\/uploads\/2024\/03\/alap-300x300.png 300w, https:\/\/dynamation.hu\/wp-content\/uploads\/2024\/03\/alap-150x150.png 150w\" sizes=\"(max-width: 360px) 100vw, 360px\" \/>\t\t\t\t\t\t\t\t\t\t\t\t\t<\/div>\n\t\t\t\t<\/div>\n\t\t\t\t<\/div>\n\t\t\t\t<\/div>\n\t\t<div class=\"elementor-element elementor-element-d8697a7 e-flex e-con-boxed e-con e-parent\" data-id=\"d8697a7\" data-element_type=\"container\" data-settings=\"{&quot;background_background&quot;:&quot;classic&quot;}\">\n\t\t\t\t\t<div class=\"e-con-inner\">\n\t\t\t\t\t<\/div>\n\t\t\t\t<\/div>\n\t\t<div class=\"elementor-element elementor-element-b3e56cd e-flex e-con-boxed e-con e-parent\" data-id=\"b3e56cd\" data-element_type=\"container\">\n\t\t\t\t\t<div class=\"e-con-inner\">\n\t\t\t\t<div class=\"elementor-element elementor-element-fc21389 elementor-widget elementor-widget-text-editor\" data-id=\"fc21389\" data-element_type=\"widget\" data-widget_type=\"text-editor.default\">\n\t\t\t\t<div class=\"elementor-widget-container\">\n\t\t\t<style>\/*! elementor - v3.21.0 - 26-05-2024 *\/\n.elementor-widget-text-editor.elementor-drop-cap-view-stacked .elementor-drop-cap{background-color:#69727d;color:#fff}.elementor-widget-text-editor.elementor-drop-cap-view-framed .elementor-drop-cap{color:#69727d;border:3px solid;background-color:transparent}.elementor-widget-text-editor:not(.elementor-drop-cap-view-default) .elementor-drop-cap{margin-top:8px}.elementor-widget-text-editor:not(.elementor-drop-cap-view-default) .elementor-drop-cap-letter{width:1em;height:1em}.elementor-widget-text-editor .elementor-drop-cap{float:left;text-align:center;line-height:1;font-size:50px}.elementor-widget-text-editor .elementor-drop-cap-letter{display:inline-block}<\/style>\t\t\t\t<p>A <strong>g\u00e9p\u00e9szeti tervez\u00e9s<\/strong> a g\u00e9pek, berendez\u00e9sek \u00e9s rendszerek tervez\u00e9s\u00e9vel, elemz\u00e9s\u00e9vel \u00e9s optimaliz\u00e1l\u00e1s\u00e1val foglalkozik a kezdeti koncepci\u00f3t\u00f3l \u00e9s tervez\u00e9st\u0151l az alkatr\u00e9szek gy\u00e1rt\u00e1s\u00e1ig \u00e9s \u00f6sszeszerel\u00e9s\u00e9ig. M\u00e9rn\u00f6keink a legmodernebb sz\u00e1m\u00edt\u00f3g\u00e9p \u00e1ltal t\u00e1mogatott tervez\u00e9s (CAD) szoftvert, szimul\u00e1ci\u00f3ra pedig v\u00e9geselem m\u00f3dszer anal\u00edzist (FEA) haszn\u00e1lj\u00e1k a tervez\u00e9si folyamat sor\u00e1n.<\/p><p>A g\u00e9p\u00e9szeti tervez\u00e9s ter\u00fcletei k\u00f6z\u00e9 tartozik az anyagok tulajdons\u00e1gainak ismerete, a mechanikai \u00e9s termikus rendszerek tervez\u00e9se, a gy\u00e1rt\u00e1si folyamatok \u00e9s a min\u0151s\u00e9gellen\u0151rz\u00e9s. A g\u00e9p\u00e9szeti tervez\u00e9s szakemberei gyakran dolgoznak egy\u00fctt m\u00e1s m\u00e9rn\u00f6ki diszcipl\u00edn\u00e1kkal, mint p\u00e9ld\u00e1ul az elektromos m\u00e9rn\u00f6k\u00f6kkel \u00e9s a szoftverm\u00e9rn\u00f6k\u00f6kkel, hogy integr\u00e1lt rendszereket hozzanak l\u00e9tre.<\/p><p>Az\u00a0<strong>elektromos tervez\u00e9s<\/strong>\u00a0az elektromos rendszerek \u00e9s h\u00e1l\u00f3zatok tervez\u00e9s\u00e9vel foglalkozik. Ez mag\u00e1ban foglalja az elektromos \u00e1ramk\u00f6r\u00f6k, vez\u00e9rl\u0151rendszerek \u00e9s energiaell\u00e1t\u00f3 rendszerek tervez\u00e9s\u00e9t \u00e9s fejleszt\u00e9s\u00e9t. Az elektromos m\u00e9rn\u00f6k\u00f6k gyakran haszn\u00e1lnak sz\u00e1m\u00edt\u00f3g\u00e9pes seg\u00e9dtervez\u00e9si (CAD) szoftvereket az \u00e1ramk\u00f6ri tervez\u00e9shez, valamint szimul\u00e1ci\u00f3s eszk\u00f6z\u00f6ket a rendszer viselked\u00e9s\u00e9nek modellez\u00e9s\u00e9hez \u00e9s elemz\u00e9s\u00e9hez.<\/p><p>A tervez\u00e9s komplex folyamat, amely sz\u00e1mos l\u00e9p\u00e9st tartalmaz az \u00f6tlett\u0151l a megval\u00f3s\u00edt\u00e1sig. \u00cdme a f\u0151bb l\u00e9p\u00e9sek:<\/p><ol><li><strong>\u00d6tletel\u00e9s<\/strong>: Minden tervez\u00e9si folyamat egy \u00f6tlettel kezd\u0151dik. Ez lehet egy \u00faj g\u00e9p, berendez\u00e9s vagy rendszer, amelyre sz\u00fcks\u00e9g van, vagy egy megl\u00e9v\u0151 rendszer jav\u00edt\u00e1sa vagy optimaliz\u00e1l\u00e1sa.<\/li><li><strong>El\u0151zetes tervez\u00e9s<\/strong>: Az \u00f6tlet alapj\u00e1n a m\u00e9rn\u00f6k\u00f6k el\u0151zetes terveket k\u00e9sz\u00edtenek, amelyek meghat\u00e1rozz\u00e1k a projekt alapvet\u0151 param\u00e9tereit \u00e9s k\u00f6vetelm\u00e9nyeit.<\/li><li><strong>R\u00e9szletes tervez\u00e9s<\/strong>: Az el\u0151zetes tervek alapj\u00e1n a m\u00e9rn\u00f6k\u00f6k r\u00e9szletes terveket k\u00e9sz\u00edtenek, amelyek meghat\u00e1rozz\u00e1k a g\u00e9p vagy rendszer minden egyes r\u00e9sz\u00e9t \u00e9s funkci\u00f3j\u00e1t.<\/li><li><strong>Layout k\u00e9sz\u00edt\u00e9se<\/strong>: A r\u00e9szletes tervek alapj\u00e1n a m\u00e9rn\u00f6k\u00f6k layoutot k\u00e9sz\u00edtenek, amely megmutatja, hogyan illeszkednek \u00f6ssze a rendszer k\u00fcl\u00f6nb\u00f6z\u0151 r\u00e9szei.<\/li><li><strong>Szimul\u00e1ci\u00f3<\/strong>: A layout \u00e9s a r\u00e9szletes tervek alapj\u00e1n a m\u00e9rn\u00f6k\u00f6k szimul\u00e1ci\u00f3kat v\u00e9geznek, hogy tesztelj\u00e9k a rendszer m\u0171k\u00f6d\u00e9s\u00e9t \u00e9s teljes\u00edtm\u00e9ny\u00e9t.<\/li><li><strong>Protot\u00edpus k\u00e9sz\u00edt\u00e9se<\/strong>: A szimul\u00e1ci\u00f3k alapj\u00e1n a m\u00e9rn\u00f6k\u00f6k protot\u00edpust k\u00e9sz\u00edtenek, amely egy m\u0171k\u00f6d\u0151 modell a tervezett g\u00e9pr\u0151l vagy rendszerr\u0151l.<\/li><li><strong>Tesztel\u00e9s \u00e9s \u00e9rt\u00e9kel\u00e9s<\/strong>: A protot\u00edpust tesztelik \u00e9s \u00e9rt\u00e9kelik, hogy biztos\u00edts\u00e1k, hogy megfelel a k\u00f6vetelm\u00e9nyeknek \u00e9s elv\u00e1r\u00e1soknak.<\/li><li><strong>Gy\u00e1rt\u00e1s<\/strong>: Ha a protot\u00edpus sikeresen teljes\u00edti a teszteket \u00e9s az \u00e9rt\u00e9kel\u00e9st, akkor a tervez\u00e9si folyamat a gy\u00e1rt\u00e1si szakaszba l\u00e9p.<\/li><li><strong>Telep\u00edt\u00e9s \u00e9s \u00fczembe helyez\u00e9s<\/strong>: A gy\u00e1rtott g\u00e9peket vagy rendszereket telep\u00edtik \u00e9s \u00fczembe helyezik.<\/li><li><strong>Karbantart\u00e1s \u00e9s jav\u00edt\u00e1s<\/strong>: A g\u00e9pek \u00e9s rendszerek karbantart\u00e1sa \u00e9s jav\u00edt\u00e1sa a tervez\u00e9si folyamat r\u00e9sze, hogy biztos\u00edts\u00e1k a hossz\u00fa t\u00e1v\u00fa m\u0171k\u00f6d\u00e9st \u00e9s hat\u00e9konys\u00e1got.<\/li><\/ol>\t\t\t\t\t\t<\/div>\n\t\t\t\t<\/div>\n\t\t\t\t\t<\/div>\n\t\t\t\t<\/div>\n\t\t\t\t<\/div>\n\t\t","protected":false},"excerpt":{"rendered":"<p>G\u00e9p\u00e9szeti \u00e9s elektromos tervez\u00e9s A g\u00e9p\u00e9szeti tervez\u00e9s a g\u00e9pek, berendez\u00e9sek \u00e9s rendszerek tervez\u00e9s\u00e9vel, elemz\u00e9s\u00e9vel \u00e9s optimaliz\u00e1l\u00e1s\u00e1val foglalkozik a kezdeti koncepci\u00f3t\u00f3l \u00e9s tervez\u00e9st\u0151l az alkatr\u00e9szek gy\u00e1rt\u00e1s\u00e1ig \u00e9s \u00f6sszeszerel\u00e9s\u00e9ig. M\u00e9rn\u00f6keink a legmodernebb sz\u00e1m\u00edt\u00f3g\u00e9p \u00e1ltal t\u00e1mogatott tervez\u00e9s (CAD) szoftvert, szimul\u00e1ci\u00f3ra pedig v\u00e9geselem m\u00f3dszer anal\u00edzist (FEA) haszn\u00e1lj\u00e1k a tervez\u00e9si folyamat sor\u00e1n. A g\u00e9p\u00e9szeti tervez\u00e9s ter\u00fcletei k\u00f6z\u00e9 tartozik az anyagok [&hellip;]<\/p>\n","protected":false},"author":1,"featured_media":0,"parent":0,"menu_order":0,"comment_status":"closed","ping_status":"closed","template":"","meta":{"footnotes":""},"class_list":["post-1001","page","type-page","status-publish","hentry"],"_links":{"self":[{"href":"https:\/\/dynamation.hu\/index.php\/wp-json\/wp\/v2\/pages\/1001","targetHints":{"allow":["GET"]}}],"collection":[{"href":"https:\/\/dynamation.hu\/index.php\/wp-json\/wp\/v2\/pages"}],"about":[{"href":"https:\/\/dynamation.hu\/index.php\/wp-json\/wp\/v2\/types\/page"}],"author":[{"embeddable":true,"href":"https:\/\/dynamation.hu\/index.php\/wp-json\/wp\/v2\/users\/1"}],"replies":[{"embeddable":true,"href":"https:\/\/dynamation.hu\/index.php\/wp-json\/wp\/v2\/comments?post=1001"}],"version-history":[{"count":22,"href":"https:\/\/dynamation.hu\/index.php\/wp-json\/wp\/v2\/pages\/1001\/revisions"}],"predecessor-version":[{"id":1644,"href":"https:\/\/dynamation.hu\/index.php\/wp-json\/wp\/v2\/pages\/1001\/revisions\/1644"}],"wp:attachment":[{"href":"https:\/\/dynamation.hu\/index.php\/wp-json\/wp\/v2\/media?parent=1001"}],"curies":[{"name":"wp","href":"https:\/\/api.w.org\/{rel}","templated":true}]}}